{"id":243,"date":"2025-06-12T13:00:55","date_gmt":"2025-06-12T11:00:55","guid":{"rendered":"https:\/\/bieltauler.es\/index.php\/go-gabinet\/"},"modified":"2025-06-13T14:08:59","modified_gmt":"2025-06-13T12:08:59","slug":"go-gabinet","status":"publish","type":"page","link":"https:\/\/bieltauler.es\/ca\/go-gabinet\/","title":{"rendered":"Go \u2013 Gabinet"},"content":{"rendered":"\t\t<div data-elementor-type=\"wp-page\" data-elementor-id=\"243\" class=\"elementor elementor-243 elementor-108\">\n\t\t\t\t<div class=\"elementor-element elementor-element-b2d74f6 e-con-full e-flex e-con e-parent\" data-id=\"b2d74f6\" data-element_type=\"container\" data-e-type=\"container\" data-settings=\"{&quot;background_background&quot;:&quot;classic&quot;}\">\n\t\t<div class=\"elementor-element elementor-element-53016518 e-con-full e-flex e-con e-child\" data-id=\"53016518\" data-element_type=\"container\" data-e-type=\"container\">\n\t\t<div class=\"elementor-element elementor-element-21f24350 e-flex e-con-boxed e-con e-child\" data-id=\"21f24350\" data-element_type=\"container\" data-e-type=\"container\">\n\t\t\t\t\t<div class=\"e-con-inner\">\n\t\t<div class=\"elementor-element elementor-element-6d43814a e-con-full e-flex e-con e-child\" data-id=\"6d43814a\" data-element_type=\"container\" data-e-type=\"container\">\n\t\t\t\t<div class=\"elementor-element elementor-element-76f41ad0 elementor-widget elementor-widget-heading\" data-id=\"76f41ad0\" data-element_type=\"widget\" data-e-type=\"widget\" data-widget_type=\"heading.default\">\n\t\t\t\t<div class=\"elementor-widget-container\">\n\t\t\t\t\t<h1 class=\"elementor-heading-title elementor-size-default\">Go - Gabinet: Assessoria Integral amb Comprom\u00eds Personalitzat<\/h1>\t\t\t\t<\/div>\n\t\t\t\t<\/div>\n\t\t\t\t<div class=\"elementor-element elementor-element-74f7ba61 elementor-widget elementor-widget-heading\" data-id=\"74f7ba61\" data-element_type=\"widget\" data-e-type=\"widget\" data-widget_type=\"heading.default\">\n\t\t\t\t<div class=\"elementor-widget-container\">\n\t\t\t\t\t<h2 class=\"elementor-heading-title elementor-size-default\">L'experi\u00e8ncia de Biel Tauler al servei d'empreses i professionals.<\/h2>\t\t\t\t<\/div>\n\t\t\t\t<\/div>\n\t\t\t\t<div class=\"elementor-element elementor-element-1809c7e9 elementor-widget elementor-widget-text-editor\" data-id=\"1809c7e9\" data-element_type=\"widget\" data-e-type=\"widget\" data-widget_type=\"text-editor.default\">\n\t\t\t\t<div class=\"elementor-widget-container\">\n\t\t\t\t\t\t\t\t\t<p>Des de la seva incorporaci\u00f3 a Go &#8211; Gabinet, Biel Tauler ha exercit un paper fonamental en la consolidaci\u00f3 de l&#8217;assessoria com un referent en serveis fiscals, comptables, laborals i financers. El seu enfocament anal\u00edtic i estrat\u00e8gic ha perm\u00e8s oferir solucions personalitzades que responen a les necessitats espec\u00edfiques de cada client. <\/p>\t\t\t\t\t\t\t\t<\/div>\n\t\t\t\t<\/div>\n\t\t\t\t<\/div>\n\t\t\t\t\t<\/div>\n\t\t\t\t<\/div>\n\t\t\t\t<\/div>\n\t\t<div class=\"elementor-element elementor-element-26a9d40a e-con-full e-flex e-con e-child\" data-id=\"26a9d40a\" data-element_type=\"container\" data-e-type=\"container\">\n\t\t\t\t<div class=\"elementor-element elementor-element-7b51e6d3 elementor-widget elementor-widget-image\" data-id=\"7b51e6d3\" data-element_type=\"widget\" data-e-type=\"widget\" data-widget_type=\"image.default\">\n\t\t\t\t<div class=\"elementor-widget-container\">\n\t\t\t\t\t\t\t\t\t\t\t\t\t\t\t<img fetchpriority=\"high\" decoding=\"async\" width=\"865\" height=\"600\" src=\"https:\/\/bieltauler.es\/wp-content\/uploads\/2025\/06\/biel-tauler-riera_4.jpg\" class=\"attachment-full size-full wp-image-112\" alt=\"\" srcset=\"https:\/\/bieltauler.es\/wp-content\/uploads\/2025\/06\/biel-tauler-riera_4.jpg 865w, https:\/\/bieltauler.es\/wp-content\/uploads\/2025\/06\/biel-tauler-riera_4-300x208.jpg 300w, https:\/\/bieltauler.es\/wp-content\/uploads\/2025\/06\/biel-tauler-riera_4-768x533.jpg 768w\" sizes=\"(max-width: 865px) 100vw, 865px\" \/>\t\t\t\t\t\t\t\t\t\t\t\t\t\t\t<\/div>\n\t\t\t\t<\/div>\n\t\t\t\t<\/div>\n\t\t\t\t<\/div>\n\t\t<div class=\"elementor-element elementor-element-5a5a9b7b e-flex e-con-boxed e-con e-parent\" data-id=\"5a5a9b7b\" data-element_type=\"container\" data-e-type=\"container\">\n\t\t\t\t\t<div class=\"e-con-inner\">\n\t\t<div class=\"elementor-element elementor-element-2875b224 e-con-full e-flex e-con e-child\" data-id=\"2875b224\" data-element_type=\"container\" data-e-type=\"container\">\n\t\t\t\t<div class=\"elementor-element elementor-element-799aca98 elementor-widget elementor-widget-heading\" data-id=\"799aca98\" data-element_type=\"widget\" data-e-type=\"widget\" data-widget_type=\"heading.default\">\n\t\t\t\t<div class=\"elementor-widget-container\">\n\t\t\t\t\t<h4 class=\"elementor-heading-title elementor-size-default\">\u00c0rees d'especialitzaci\u00f3<\/h4>\t\t\t\t<\/div>\n\t\t\t\t<\/div>\n\t\t\t\t<div class=\"elementor-element elementor-element-6e80ae89 elementor-widget elementor-widget-text-editor\" data-id=\"6e80ae89\" data-element_type=\"widget\" data-e-type=\"widget\" data-widget_type=\"text-editor.default\">\n\t\t\t\t<div class=\"elementor-widget-container\">\n\t\t\t\t\t\t\t\t\t<ul style=\"margin: 0;\">\n \t<li><strong>Assessorament Fiscal<\/strong>: Implementaci\u00f3 d\u2019estrat\u00e8gies fiscals eficients i compliment normatiu.<\/li><br> \t<li><strong>Gesti\u00f3 Comptable<\/strong>: Supervisi\u00f3 i optimitzaci\u00f3 de processos comptables per a una presa de decisions informada.<\/li><br> \t<li><strong>Consultoria Financera:<\/strong> Desenvolupament de plans financers que promouen el creixement sostenible.<\/li><br> \t<li><strong>Assessoria Laboral i Legal<\/strong>: Orientaci\u00f3 en mat\u00e8ria laboral i legal, assegurant el compliment de les regulacions vigents.<\/li>\n<\/ul>\t\t\t\t\t\t\t\t<\/div>\n\t\t\t\t<\/div>\n\t\t\t\t<\/div>\n\t\t<div class=\"elementor-element elementor-element-32bdbaa1 e-con-full e-flex e-con e-child\" data-id=\"32bdbaa1\" data-element_type=\"container\" data-e-type=\"container\">\n\t\t\t\t<div class=\"elementor-element elementor-element-10dbb60d elementor-widget elementor-widget-heading\" data-id=\"10dbb60d\" data-element_type=\"widget\" data-e-type=\"widget\" data-widget_type=\"heading.default\">\n\t\t\t\t<div class=\"elementor-widget-container\">\n\t\t\t\t\t<h4 class=\"elementor-heading-title elementor-size-default\">Comprom\u00eds amb l'Excel\u00b7l\u00e8ncia<\/h4>\t\t\t\t<\/div>\n\t\t\t\t<\/div>\n\t\t\t\t<div class=\"elementor-element elementor-element-7b73a8d2 elementor-widget elementor-widget-text-editor\" data-id=\"7b73a8d2\" data-element_type=\"widget\" data-e-type=\"widget\" data-widget_type=\"text-editor.default\">\n\t\t\t\t<div class=\"elementor-widget-container\">\n\t\t\t\t\t\t\t\t\t<p>La col\u00b7laboraci\u00f3 de Biel Tauler amb Go \u2013 Gabinet es basa en un comprom\u00eds compartit amb l\u2019excel\u00b7l\u00e8ncia i la millora cont\u00ednua. La seva participaci\u00f3 activa en la presa de decisions estrat\u00e8giques i la seva dedicaci\u00f3 al desenvolupament professional de l\u2019equip han estat clau per a l\u2019\u00e8xit de l\u2019assessoria.<\/p><p>\u00a0<\/p><p>Aquest comprom\u00eds es tradueix en una atenci\u00f3 propera, una comunicaci\u00f3 clara i solucions orientades a resultats. Biel Tauler contribueix a consolidar solucions s\u00f2lides, sostenibles i adaptades a cada necessitat concreta. L\u2019objectiu: oferir un servei de confian\u00e7a i valor real per a empreses i professionals.<\/p>\t\t\t\t\t\t\t\t<\/div>\n\t\t\t\t<\/div>\n\t\t\t\t<\/div>\n\t\t\t\t\t<\/div>\n\t\t\t\t<\/div>\n\t\t<div class=\"elementor-element elementor-element-5fa7e3ac e-flex e-con-boxed e-con e-parent\" data-id=\"5fa7e3ac\" data-element_type=\"container\" data-e-type=\"container\" data-settings=\"{&quot;background_background&quot;:&quot;classic&quot;}\">\n\t\t\t\t\t<div class=\"e-con-inner\">\n\t\t<div class=\"elementor-element elementor-element-11748734 e-con-full e-flex e-con e-child\" data-id=\"11748734\" data-element_type=\"container\" data-e-type=\"container\">\n\t\t\t\t<div class=\"elementor-element elementor-element-6bb7e6a8 elementor-widget-mobile__width-inherit elementor-widget elementor-widget-heading\" data-id=\"6bb7e6a8\" data-element_type=\"widget\" data-e-type=\"widget\" data-widget_type=\"heading.default\">\n\t\t\t\t<div class=\"elementor-widget-container\">\n\t\t\t\t\t<h2 class=\"elementor-heading-title elementor-size-default\">Testimoni Destacat<\/h2>\t\t\t\t<\/div>\n\t\t\t\t<\/div>\n\t\t\t\t<div class=\"elementor-element elementor-element-7926938c elementor-widget elementor-widget-text-editor\" data-id=\"7926938c\" data-element_type=\"widget\" data-e-type=\"widget\" data-widget_type=\"text-editor.default\">\n\t\t\t\t<div class=\"elementor-widget-container\">\n\t\t\t\t\t\t\t\t\t<p><span style=\"font-style: inherit; font-weight: inherit;\">\u201cLa integraci\u00f3 de Biel en el nostre equip ha estat un catalitzador per a la innovaci\u00f3 i la millora dels nostres serveis. La seva experi\u00e8ncia i lideratge han enfortit la nostra capacitat per a atendre les necessitats dels nostres clients amb major efic\u00e0cia.\u201d<\/span><\/p><p>\u00a0<\/p><p><span style=\"font-style: inherit; font-weight: inherit;\">\u2014<\/span> <em style=\"font-weight: inherit;\">Equip de Go \u2013 Gabinet<\/em><\/p>\t\t\t\t\t\t\t\t<\/div>\n\t\t\t\t<\/div>\n\t\t\t\t<\/div>\n\t\t\t\t\t<\/div>\n\t\t\t\t<\/div>\n\t\t<div class=\"elementor-element elementor-element-15941890 e-con-full e-flex e-con e-parent\" data-id=\"15941890\" data-element_type=\"container\" data-e-type=\"container\" data-settings=\"{&quot;background_background&quot;:&quot;classic&quot;}\">\n\t\t<div class=\"elementor-element elementor-element-2f7784e4 e-con-full e-flex e-con e-child\" data-id=\"2f7784e4\" data-element_type=\"container\" data-e-type=\"container\">\n\t\t\t\t<div class=\"elementor-element elementor-element-21379ba6 elementor-widget elementor-widget-image\" data-id=\"21379ba6\" data-element_type=\"widget\" data-e-type=\"widget\" data-widget_type=\"image.default\">\n\t\t\t\t<div class=\"elementor-widget-container\">\n\t\t\t\t\t\t\t\t\t\t\t\t\t\t\t<img decoding=\"async\" width=\"520\" height=\"100\" src=\"https:\/\/bieltauler.es\/wp-content\/uploads\/2025\/06\/finciacion-union-europea-logo-kit-digital.jpg\" class=\"attachment-large size-large wp-image-28\" alt=\"\" srcset=\"https:\/\/bieltauler.es\/wp-content\/uploads\/2025\/06\/finciacion-union-europea-logo-kit-digital.jpg 520w, https:\/\/bieltauler.es\/wp-content\/uploads\/2025\/06\/finciacion-union-europea-logo-kit-digital-300x58.jpg 300w\" sizes=\"(max-width: 520px) 100vw, 520px\" \/>\t\t\t\t\t\t\t\t\t\t\t\t\t\t\t<\/div>\n\t\t\t\t<\/div>\n\t\t\t\t<\/div>\n\t\t<div class=\"elementor-element elementor-element-4a1f996c e-con-full e-flex e-con e-child\" data-id=\"4a1f996c\" data-element_type=\"container\" data-e-type=\"container\">\n\t\t\t\t<div class=\"elementor-element elementor-element-517a805a elementor-widget elementor-widget-image\" data-id=\"517a805a\" data-element_type=\"widget\" data-e-type=\"widget\" data-widget_type=\"image.default\">\n\t\t\t\t<div class=\"elementor-widget-container\">\n\t\t\t\t\t\t\t\t\t\t\t\t\t\t\t<img decoding=\"async\" width=\"520\" height=\"100\" src=\"https:\/\/bieltauler.es\/wp-content\/uploads\/2025\/06\/ministerio-industria-comercio-logo.jpg\" class=\"attachment-large size-large wp-image-30\" alt=\"\" srcset=\"https:\/\/bieltauler.es\/wp-content\/uploads\/2025\/06\/ministerio-industria-comercio-logo.jpg 520w, https:\/\/bieltauler.es\/wp-content\/uploads\/2025\/06\/ministerio-industria-comercio-logo-300x58.jpg 300w\" sizes=\"(max-width: 520px) 100vw, 520px\" \/>\t\t\t\t\t\t\t\t\t\t\t\t\t\t\t<\/div>\n\t\t\t\t<\/div>\n\t\t\t\t<\/div>\n\t\t<div class=\"elementor-element elementor-element-25b273d8 e-con-full e-flex e-con e-child\" data-id=\"25b273d8\" data-element_type=\"container\" data-e-type=\"container\">\n\t\t\t\t<div class=\"elementor-element elementor-element-120a823b elementor-widget elementor-widget-image\" data-id=\"120a823b\" data-element_type=\"widget\" data-e-type=\"widget\" data-widget_type=\"image.default\">\n\t\t\t\t<div class=\"elementor-widget-container\">\n\t\t\t\t\t\t\t\t\t\t\t\t\t\t\t<img loading=\"lazy\" decoding=\"async\" width=\"520\" height=\"100\" src=\"https:\/\/bieltauler.es\/wp-content\/uploads\/2025\/06\/plan-recuperacion-logo.jpg\" class=\"attachment-large size-large wp-image-32\" alt=\"\" srcset=\"https:\/\/bieltauler.es\/wp-content\/uploads\/2025\/06\/plan-recuperacion-logo.jpg 520w, https:\/\/bieltauler.es\/wp-content\/uploads\/2025\/06\/plan-recuperacion-logo-300x58.jpg 300w\" sizes=\"(max-width: 520px) 100vw, 520px\" \/>\t\t\t\t\t\t\t\t\t\t\t\t\t\t\t<\/div>\n\t\t\t\t<\/div>\n\t\t\t\t<\/div>\n\t\t\t\t<\/div>\n\t\t\t\t<\/div>\n\t\t","protected":false},"excerpt":{"rendered":"<p>Go &#8211; Gabinet: Assessoria Integral amb Comprom\u00eds Personalitzat L&#8217;experi\u00e8ncia de Biel Tauler al servei d&#8217;empreses i professionals. Des de la [&hellip;]<\/p>\n","protected":false},"author":1,"featured_media":0,"parent":0,"menu_order":0,"comment_status":"closed","ping_status":"closed","template":"","meta":{"site-sidebar-layout":"no-sidebar","site-content-layout":"","ast-site-content-layout":"full-width-container","site-content-style":"default","site-sidebar-style":"default","ast-global-header-display":"","ast-banner-title-visibility":"","ast-main-header-display":"","ast-hfb-above-header-display":"","ast-hfb-below-header-display":"","ast-hfb-mobile-header-display":"","site-post-title":"disabled","ast-breadcrumbs-content":"","ast-featured-img":"disabled","footer-sml-layout":"","ast-disable-related-posts":"","theme-transparent-header-meta":"","adv-header-id-meta":"","stick-header-meta":"","header-above-stick-meta":"","header-main-stick-meta":"","header-below-stick-meta":"","astra-migrate-meta-layouts":"default","ast-page-background-enabled":"default","ast-page-background-meta":{"desktop":{"background-color":"var(--ast-global-color-5)","background-image":"","background-repeat":"repeat","background-position":"center center","background-size":"auto","background-attachment":"scroll","background-type":"","background-media":"","overlay-type":"","overlay-color":"","overlay-opacity":"","overlay-gradient":""},"tablet":{"background-color":"","background-image":"","background-repeat":"repeat","background-position":"center center","background-size":"auto","background-attachment":"scroll","background-type":"","background-media":"","overlay-type":"","overlay-color":"","overlay-opacity":"","overlay-gradient":""},"mobile":{"background-color":"","background-image":"","background-repeat":"repeat","background-position":"center center","background-size":"auto","background-attachment":"scroll","background-type":"","background-media":"","overlay-type":"","overlay-color":"","overlay-opacity":"","overlay-gradient":""}},"ast-content-background-meta":{"desktop":{"background-color":"var(--ast-global-color-4)","background-image":"","background-repeat":"repeat","background-position":"center center","background-size":"auto","background-attachment":"scroll","background-type":"","background-media":"","overlay-type":"","overlay-color":"","overlay-opacity":"","overlay-gradient":""},"tablet":{"background-color":"var(--ast-global-color-4)","background-image":"","background-repeat":"repeat","background-position":"center center","background-size":"auto","background-attachment":"scroll","background-type":"","background-media":"","overlay-type":"","overlay-color":"","overlay-opacity":"","overlay-gradient":""},"mobile":{"background-color":"var(--ast-global-color-4)","background-image":"","background-repeat":"repeat","background-position":"center center","background-size":"auto","background-attachment":"scroll","background-type":"","background-media":"","overlay-type":"","overlay-color":"","overlay-opacity":"","overlay-gradient":""}},"footnotes":""},"class_list":["post-243","page","type-page","status-publish","hentry"],"_links":{"self":[{"href":"https:\/\/bieltauler.es\/ca\/wp-json\/wp\/v2\/pages\/243","targetHints":{"allow":["GET"]}}],"collection":[{"href":"https:\/\/bieltauler.es\/ca\/wp-json\/wp\/v2\/pages"}],"about":[{"href":"https:\/\/bieltauler.es\/ca\/wp-json\/wp\/v2\/types\/page"}],"author":[{"embeddable":true,"href":"https:\/\/bieltauler.es\/ca\/wp-json\/wp\/v2\/users\/1"}],"replies":[{"embeddable":true,"href":"https:\/\/bieltauler.es\/ca\/wp-json\/wp\/v2\/comments?post=243"}],"version-history":[{"count":12,"href":"https:\/\/bieltauler.es\/ca\/wp-json\/wp\/v2\/pages\/243\/revisions"}],"predecessor-version":[{"id":366,"href":"https:\/\/bieltauler.es\/ca\/wp-json\/wp\/v2\/pages\/243\/revisions\/366"}],"wp:attachment":[{"href":"https:\/\/bieltauler.es\/ca\/wp-json\/wp\/v2\/media?parent=243"}],"curies":[{"name":"wp","href":"https:\/\/api.w.org\/{rel}","templated":true}]}}